{"id":283,"date":"2024-09-07T08:20:52","date_gmt":"2024-09-07T06:20:52","guid":{"rendered":"https:\/\/st-gervais-vol-libre.fr\/?page_id=283"},"modified":"2024-10-01T14:08:43","modified_gmt":"2024-10-01T12:08:43","slug":"programme","status":"publish","type":"page","link":"https:\/\/st-gervais-vol-libre.fr\/index.php\/programme\/","title":{"rendered":"PROGRAMME"},"content":{"rendered":"\t\t<div data-elementor-type=\"wp-page\" data-elementor-id=\"283\" class=\"elementor elementor-283\">\n\t\t\t\t<div class=\"elementor-element elementor-element-448dfc6 e-flex e-con-boxed e-con e-parent\" data-id=\"448dfc6\" data-element_type=\"container\">\n\t\t\t\t\t<div class=\"e-con-inner\">\n\t\t\t\t<div class=\"elementor-element elementor-element-f9a3ad4 elementor-widget elementor-widget-heading\" data-id=\"f9a3ad4\" data-element_type=\"widget\" data-widget_type=\"heading.default\">\n\t\t\t\t<div class=\"elementor-widget-container\">\n\t\t\t<style>\/*! elementor - v3.21.0 - 30-04-2024 *\/\n.elementor-heading-title{padding:0;margin:0;line-height:1}.elementor-widget-heading .elementor-heading-title[class*=elementor-size-]>a{color:inherit;font-size:inherit;line-height:inherit}.elementor-widget-heading .elementor-heading-title.elementor-size-small{font-size:15px}.elementor-widget-heading .elementor-heading-title.elementor-size-medium{font-size:19px}.elementor-widget-heading .elementor-heading-title.elementor-size-large{font-size:29px}.elementor-widget-heading .elementor-heading-title.elementor-size-xl{font-size:39px}.elementor-widget-heading .elementor-heading-title.elementor-size-xxl{font-size:59px}<\/style><h1 class=\"elementor-heading-title elementor-size-default\">Programme Flying Light 2024 <\/h1>\t\t<\/div>\n\t\t\t\t<\/div>\n\t\t\t\t\t<\/div>\n\t\t\t\t<\/div>\n\t\t<div class=\"elementor-element elementor-element-09428c8 e-flex e-con-boxed e-con e-parent\" data-id=\"09428c8\" data-element_type=\"container\">\n\t\t\t\t\t<div class=\"e-con-inner\">\n\t\t\t\t<div class=\"elementor-element elementor-element-a7ad568 elementor-widget elementor-widget-heading\" data-id=\"a7ad568\" data-element_type=\"widget\" data-widget_type=\"heading.default\">\n\t\t\t\t<div class=\"elementor-widget-container\">\n\t\t\t<h3 class=\"elementor-heading-title elementor-size-default\">Espace Mont-Blanc Saint -Gervais<\/h3>\t\t<\/div>\n\t\t\t\t<\/div>\n\t\t\t\t\t<\/div>\n\t\t\t\t<\/div>\n\t\t<div class=\"elementor-element elementor-element-d083aed e-grid e-con-boxed e-con e-parent\" data-id=\"d083aed\" data-element_type=\"container\">\n\t\t\t\t\t<div class=\"e-con-inner\">\n\t\t\t\t<div class=\"elementor-element elementor-element-6416767 elementor-widget elementor-widget-text-editor\" data-id=\"6416767\" data-element_type=\"widget\" data-widget_type=\"text-editor.default\">\n\t\t\t\t<div class=\"elementor-widget-container\">\n\t\t\t<style>\/*! elementor - v3.21.0 - 30-04-2024 *\/\n.elementor-widget-text-editor.elementor-drop-cap-view-stacked .elementor-drop-cap{background-color:#69727d;color:#fff}.elementor-widget-text-editor.elementor-drop-cap-view-framed .elementor-drop-cap{color:#69727d;border:3px solid;background-color:transparent}.elementor-widget-text-editor:not(.elementor-drop-cap-view-default) .elementor-drop-cap{margin-top:8px}.elementor-widget-text-editor:not(.elementor-drop-cap-view-default) .elementor-drop-cap-letter{width:1em;height:1em}.elementor-widget-text-editor .elementor-drop-cap{float:left;text-align:center;line-height:1;font-size:50px}.elementor-widget-text-editor .elementor-drop-cap-letter{display:inline-block}<\/style>\t\t\t\t<p>Les soir\u00e9es projections et conf\u00e9rences sont gratuites et ouvertes a tous et a toutes. Les repas sont a 15 euros\/pers (jeudi\/vendredi). Merci de r\u00e9server la veille pour nous permettre d&#8217;assurer le stock.<\/p><p><strong>Mardi 1er Octobre<\/strong><\/p><p>17h00 Ouverture du Salon<\/p><p>18h15 Briefing, point m\u00e9t\u00e9o<\/p><p><span style=\"color: var( --e-global-color-text ); font-family: var( --e-global-typography-text-font-family ), Sans-serif; font-weight: var( --e-global-typography-text-font-weight ); text-align: var(--text-align);\">18h30-19h30 Pret de mat\u00e9riel<\/span><\/p><div>20h00 Fermeture des stands<\/div><div>\u00a0<\/div><div><strong><span style=\"color: var( --e-global-color-text ); font-family: var( --e-global-typography-text-font-family ), Sans-serif; text-align: var(--text-align);\">Mercredi 2 Octobre<\/span><\/strong><\/div><div>\u00a0<\/div><div>17h00 Ouverture du salon \/ retour mat\u00e9riel<\/div><div>\u00a0<\/div><div>18h15 Briefing, point m\u00e9t\u00e9o<\/div><div>\u00a0<\/div><div>18h30-19h30 Pret de mat\u00e9riel<\/div><div>\u00a0<\/div><div><span style=\"color: var( --e-global-color-text ); font-family: var( --e-global-typography-text-font-family ), Sans-serif; font-weight: var( --e-global-typography-text-font-weight ); text-align: var(--text-align);\">20h00<\/span><strong><span style=\"color: var( --e-global-color-text ); font-family: var( --e-global-typography-text-font-family ), Sans-serif; text-align: var(--text-align);\"> Soir\u00e9e Sp\u00e9ciale evenement FFVL: Voler en harmonie avec les rapaces &#8211; le Gypa\u00e8te Barbu<\/span><\/strong><\/div><div>\u00a0<\/div>\t\t\t\t\t\t<\/div>\n\t\t\t\t<\/div>\n\t\t\t\t<div class=\"elementor-element elementor-element-6f99c66 elementor-widget elementor-widget-image\" data-id=\"6f99c66\" data-element_type=\"widget\" data-widget_type=\"image.default\">\n\t\t\t\t<div class=\"elementor-widget-container\">\n\t\t\t<style>\/*! elementor - v3.21.0 - 30-04-2024 *\/\n.elementor-widget-image{text-align:center}.elementor-widget-image a{display:inline-block}.elementor-widget-image a img[src$=\".svg\"]{width:48px}.elementor-widget-image img{vertical-align:middle;display:inline-block}<\/style>\t\t\t\t\t\t\t\t\t\t<img fetchpriority=\"high\" decoding=\"async\" width=\"1874\" height=\"1022\" src=\"https:\/\/st-gervais-vol-libre.fr\/wp-content\/uploads\/2024\/10\/IMG_5849-1.jpeg\" class=\"attachment-full size-full wp-image-642\" alt=\"\" srcset=\"https:\/\/st-gervais-vol-libre.fr\/wp-content\/uploads\/2024\/10\/IMG_5849-1.jpeg 1874w, https:\/\/st-gervais-vol-libre.fr\/wp-content\/uploads\/2024\/10\/IMG_5849-1-300x164.jpeg 300w, https:\/\/st-gervais-vol-libre.fr\/wp-content\/uploads\/2024\/10\/IMG_5849-1-1024x558.jpeg 1024w, https:\/\/st-gervais-vol-libre.fr\/wp-content\/uploads\/2024\/10\/IMG_5849-1-768x419.jpeg 768w, https:\/\/st-gervais-vol-libre.fr\/wp-content\/uploads\/2024\/10\/IMG_5849-1-1536x838.jpeg 1536w\" sizes=\"(max-width: 1874px) 100vw, 1874px\" \/>\t\t\t\t\t\t\t\t\t\t\t\t\t<\/div>\n\t\t\t\t<\/div>\n\t\t\t\t<div class=\"elementor-element elementor-element-df951c1 elementor-widget elementor-widget-text-editor\" data-id=\"df951c1\" data-element_type=\"widget\" data-widget_type=\"text-editor.default\">\n\t\t\t\t<div class=\"elementor-widget-container\">\n\t\t\t\t\t\t\t<div><div><strong><span style=\"color: var( --e-global-color-text ); font-family: var( --e-global-typography-text-font-family ), Sans-serif; text-align: var(--text-align);\">Jeudi 3 Octobre<\/span><\/strong><\/div><div>\u00a0<\/div><div>17h00 Ouverture du salon\/retour materiel<\/div><div>\u00a0<\/div><\/div><div>18h15 Briefing, point m\u00e9t\u00e9o<\/div><div><div>\u00a0<\/div><div>18h30-19h30 Pret de materiel<\/div><div>\u00a0<\/div><div><span style=\"color: var( --e-global-color-text ); font-family: var( --e-global-typography-text-font-family ), Sans-serif; font-weight: var( --e-global-typography-text-font-weight ); text-align: var(--text-align);\">19h40<\/span><span style=\"color: var( --e-global-color-text ); font-family: var( --e-global-typography-text-font-family ), Sans-serif; font-weight: var( --e-global-typography-text-font-weight ); text-align: var(--text-align);\"><strong> Soir\u00e9e Sp\u00e9ciale Kortel<\/strong><strong>Design<\/strong>&#8211; Film <strong>Givr\u00e9<\/strong>\u00a0de <strong>Benoit Favre <\/strong><\/span><span style=\"color: var( --e-global-color-text ); font-family: var( --e-global-typography-text-font-family ), Sans-serif; font-weight: var( --e-global-typography-text-font-weight ); text-align: var(--text-align);\">(<\/span>travers\u00e9e de l&#8217;Himalaya en vol bivouac)\u00a0<\/div><div>\u00a0<\/div><div>20h30 Fin du film &#8211; questions\/reponses avec Benoit<\/div><div>\u00a0<\/div><div>21h00 Fondue 15 euros\/pers (r\u00e9server votre place la veille)<\/div><\/div><div>\u00a0<\/div>\t\t\t\t\t\t<\/div>\n\t\t\t\t<\/div>\n\t\t\t\t<div class=\"elementor-element elementor-element-88a79bb elementor-widget elementor-widget-image\" data-id=\"88a79bb\" data-element_type=\"widget\" data-widget_type=\"image.default\">\n\t\t\t\t<div class=\"elementor-widget-container\">\n\t\t\t\t\t\t\t\t\t\t\t\t\t<img decoding=\"async\" width=\"843\" height=\"481\" src=\"https:\/\/st-gervais-vol-libre.fr\/wp-content\/uploads\/2024\/10\/IMG_5851-1024x584.jpeg\" class=\"attachment-large size-large wp-image-643\" alt=\"\" srcset=\"https:\/\/st-gervais-vol-libre.fr\/wp-content\/uploads\/2024\/10\/IMG_5851-1024x584.jpeg 1024w, https:\/\/st-gervais-vol-libre.fr\/wp-content\/uploads\/2024\/10\/IMG_5851-300x171.jpeg 300w, https:\/\/st-gervais-vol-libre.fr\/wp-content\/uploads\/2024\/10\/IMG_5851-768x438.jpeg 768w, https:\/\/st-gervais-vol-libre.fr\/wp-content\/uploads\/2024\/10\/IMG_5851-1536x876.jpeg 1536w, https:\/\/st-gervais-vol-libre.fr\/wp-content\/uploads\/2024\/10\/IMG_5851.jpeg 1898w\" sizes=\"(max-width: 843px) 100vw, 843px\" \/>\t\t\t\t\t\t\t\t\t\t\t\t\t<\/div>\n\t\t\t\t<\/div>\n\t\t\t\t<div class=\"elementor-element elementor-element-0045c7e elementor-widget elementor-widget-image\" data-id=\"0045c7e\" data-element_type=\"widget\" data-widget_type=\"image.default\">\n\t\t\t\t<div class=\"elementor-widget-container\">\n\t\t\t\t\t\t\t\t\t\t\t\t\t<img decoding=\"async\" src=\"https:\/\/st-gervais-vol-libre.fr\/wp-content\/uploads\/2024\/10\/IMG_5866.jpeg\" title=\"IMG_5866\" alt=\"IMG_5866\" loading=\"lazy\" \/>\t\t\t\t\t\t\t\t\t\t\t\t\t<\/div>\n\t\t\t\t<\/div>\n\t\t\t\t\t<\/div>\n\t\t\t\t<\/div>\n\t\t<div class=\"elementor-element elementor-element-c126507 e-grid e-con-boxed e-con e-parent\" data-id=\"c126507\" data-element_type=\"container\">\n\t\t\t\t\t<div class=\"e-con-inner\">\n\t\t\t\t<div class=\"elementor-element elementor-element-92f95bf elementor-widget elementor-widget-text-editor\" data-id=\"92f95bf\" data-element_type=\"widget\" data-widget_type=\"text-editor.default\">\n\t\t\t\t<div class=\"elementor-widget-container\">\n\t\t\t\t\t\t\t<div><div><strong><span style=\"color: var( --e-global-color-text ); font-family: var( --e-global-typography-text-font-family ), Sans-serif; text-align: var(--text-align);\">Vendredi 4 Octobre<\/span><\/strong><\/div><div>\u00a0<\/div><div>17h00 Ouverture du salon \/ retour mat\u00e9riel<\/div><div>\u00a0<\/div><div>17h00-19h30 Pret de materiel<\/div><\/div><div>\u00a0<\/div><div>18h15 Briefing, point m\u00e9t\u00e9o<\/div><div><div>\u00a0<\/div><div><span style=\"color: var( --e-global-color-text ); font-family: var( --e-global-typography-text-font-family ), Sans-serif; font-weight: var( --e-global-typography-text-font-weight ); text-align: var(--text-align);\">19h30 <strong>Soiree speciale Niviuk<\/strong> en 2 parties (presence exceptionnelles des protagonistes)<\/span><\/div><div>\u00a0<\/div><div>1 . Pr\u00e9sentation du vol en fauteuil handi au <strong>Kilimanjaro<\/strong> <strong>(5895m)<\/strong> avec <strong>Pierre Julien Jouve, Gautier Delannoy et toute son equipe.\u00a0<\/strong><\/div><\/div>\t\t\t\t\t\t<\/div>\n\t\t\t\t<\/div>\n\t\t\t\t<div class=\"elementor-element elementor-element-04aae5d elementor-widget elementor-widget-image\" data-id=\"04aae5d\" data-element_type=\"widget\" data-widget_type=\"image.default\">\n\t\t\t\t<div class=\"elementor-widget-container\">\n\t\t\t\t\t\t\t\t\t\t\t\t\t<img decoding=\"async\" width=\"843\" height=\"538\" src=\"https:\/\/st-gervais-vol-libre.fr\/wp-content\/uploads\/2024\/10\/IMG_5856-1024x654.jpeg\" class=\"attachment-large size-large wp-image-649\" alt=\"\" srcset=\"https:\/\/st-gervais-vol-libre.fr\/wp-content\/uploads\/2024\/10\/IMG_5856-1024x654.jpeg 1024w, https:\/\/st-gervais-vol-libre.fr\/wp-content\/uploads\/2024\/10\/IMG_5856-300x192.jpeg 300w, https:\/\/st-gervais-vol-libre.fr\/wp-content\/uploads\/2024\/10\/IMG_5856-768x491.jpeg 768w, https:\/\/st-gervais-vol-libre.fr\/wp-content\/uploads\/2024\/10\/IMG_5856-1536x981.jpeg 1536w, https:\/\/st-gervais-vol-libre.fr\/wp-content\/uploads\/2024\/10\/IMG_5856.jpeg 1824w\" sizes=\"(max-width: 843px) 100vw, 843px\" \/>\t\t\t\t\t\t\t\t\t\t\t\t\t<\/div>\n\t\t\t\t<\/div>\n\t\t\t\t<div class=\"elementor-element elementor-element-e31541d elementor-widget elementor-widget-text-editor\" data-id=\"e31541d\" data-element_type=\"widget\" data-widget_type=\"text-editor.default\">\n\t\t\t\t<div class=\"elementor-widget-container\">\n\t\t\t\t\t\t\t<div>2. <strong>Liv Sansoz, Zeb Roche et Jean Yves Blutch Fredriksen<\/strong> vous pr\u00e9sentent leurs aventures et leurs vols depuis le <strong>K2 (8611m)<\/strong> en pr\u00e9sence de nombreux grimpeurs pilotes de haut niveau<\/div><div><span style=\"color: var( --e-global-color-text ); font-family: var( --e-global-typography-text-font-family ), Sans-serif; font-weight: var( --e-global-typography-text-font-weight ); text-align: var(--text-align);\">questions\/reponses<\/span><\/div>\t\t\t\t\t\t<\/div>\n\t\t\t\t<\/div>\n\t\t\t\t<div class=\"elementor-element elementor-element-62f6031 elementor-widget elementor-widget-image\" data-id=\"62f6031\" data-element_type=\"widget\" data-widget_type=\"image.default\">\n\t\t\t\t<div class=\"elementor-widget-container\">\n\t\t\t\t\t\t\t\t\t\t\t\t\t<img loading=\"lazy\" decoding=\"async\" width=\"843\" height=\"473\" src=\"https:\/\/st-gervais-vol-libre.fr\/wp-content\/uploads\/2024\/10\/IMG_5854-1024x575.jpeg\" class=\"attachment-large size-large wp-image-648\" alt=\"\" srcset=\"https:\/\/st-gervais-vol-libre.fr\/wp-content\/uploads\/2024\/10\/IMG_5854-1024x575.jpeg 1024w, https:\/\/st-gervais-vol-libre.fr\/wp-content\/uploads\/2024\/10\/IMG_5854-300x168.jpeg 300w, https:\/\/st-gervais-vol-libre.fr\/wp-content\/uploads\/2024\/10\/IMG_5854-768x431.jpeg 768w, https:\/\/st-gervais-vol-libre.fr\/wp-content\/uploads\/2024\/10\/IMG_5854-1536x863.jpeg 1536w, https:\/\/st-gervais-vol-libre.fr\/wp-content\/uploads\/2024\/10\/IMG_5854-2048x1150.jpeg 2048w\" sizes=\"(max-width: 843px) 100vw, 843px\" \/>\t\t\t\t\t\t\t\t\t\t\t\t\t<\/div>\n\t\t\t\t<\/div>\n\t\t\t\t\t<\/div>\n\t\t\t\t<\/div>\n\t\t<div class=\"elementor-element elementor-element-1d6b273 e-grid e-con-boxed e-con e-parent\" data-id=\"1d6b273\" data-element_type=\"container\">\n\t\t\t\t\t<div class=\"e-con-inner\">\n\t\t\t\t<div class=\"elementor-element elementor-element-c4b3d0a elementor-widget elementor-widget-text-editor\" data-id=\"c4b3d0a\" data-element_type=\"widget\" data-widget_type=\"text-editor.default\">\n\t\t\t\t<div class=\"elementor-widget-container\">\n\t\t\t\t\t\t\t<div>\u00a0<\/div><div><p><span style=\"color: var( --e-global-color-text ); font-family: var( --e-global-typography-text-font-family ), Sans-serif; font-weight: var( --e-global-typography-text-font-weight ); text-align: var(--text-align);\">21h00 <strong>Repas Diots\/Polenta<\/strong><\/span><\/p><\/div>\t\t\t\t\t\t<\/div>\n\t\t\t\t<\/div>\n\t\t\t\t<div class=\"elementor-element elementor-element-409e89d elementor-widget elementor-widget-image\" data-id=\"409e89d\" data-element_type=\"widget\" data-widget_type=\"image.default\">\n\t\t\t\t<div class=\"elementor-widget-container\">\n\t\t\t\t\t\t\t\t\t\t\t\t\t<img decoding=\"async\" src=\"https:\/\/st-gervais-vol-libre.fr\/wp-content\/uploads\/2024\/10\/IMG_5867.jpeg\" title=\"Screenshot\" alt=\"Screenshot\" loading=\"lazy\" \/>\t\t\t\t\t\t\t\t\t\t\t\t\t<\/div>\n\t\t\t\t<\/div>\n\t\t\t\t\t<\/div>\n\t\t\t\t<\/div>\n\t\t\t\t<\/div>\n\t\t","protected":false},"excerpt":{"rendered":"<p>Programme Flying Light 2024 Espace Mont-Blanc Saint -Gervais Les soir\u00e9es projections et conf\u00e9rences sont gratuites et ouvertes a tous et a toutes. Les repas sont&hellip;<\/p>\n","protected":false},"author":1,"featured_media":0,"parent":0,"menu_order":0,"comment_status":"closed","ping_status":"closed","template":"","meta":{"footnotes":""},"class_list":["post-283","page","type-page","status-publish","hentry"],"acf":[],"_links":{"self":[{"href":"https:\/\/st-gervais-vol-libre.fr\/index.php\/wp-json\/wp\/v2\/pages\/283","targetHints":{"allow":["GET"]}}],"collection":[{"href":"https:\/\/st-gervais-vol-libre.fr\/index.php\/wp-json\/wp\/v2\/pages"}],"about":[{"href":"https:\/\/st-gervais-vol-libre.fr\/index.php\/wp-json\/wp\/v2\/types\/page"}],"author":[{"embeddable":true,"href":"https:\/\/st-gervais-vol-libre.fr\/index.php\/wp-json\/wp\/v2\/users\/1"}],"replies":[{"embeddable":true,"href":"https:\/\/st-gervais-vol-libre.fr\/index.php\/wp-json\/wp\/v2\/comments?post=283"}],"version-history":[{"count":61,"href":"https:\/\/st-gervais-vol-libre.fr\/index.php\/wp-json\/wp\/v2\/pages\/283\/revisions"}],"predecessor-version":[{"id":715,"href":"https:\/\/st-gervais-vol-libre.fr\/index.php\/wp-json\/wp\/v2\/pages\/283\/revisions\/715"}],"wp:attachment":[{"href":"https:\/\/st-gervais-vol-libre.fr\/index.php\/wp-json\/wp\/v2\/media?parent=283"}],"curies":[{"name":"wp","href":"https:\/\/api.w.org\/{rel}","templated":true}]}}